{"id":77,"date":"2017-08-17T00:26:36","date_gmt":"2017-08-16T22:26:36","guid":{"rendered":"https:\/\/golosze.szkola.pl\/?page_id=77"},"modified":"2017-08-27T20:11:51","modified_gmt":"2017-08-27T18:11:51","slug":"kontakt","status":"publish","type":"page","link":"https:\/\/golosze.szkola.pl\/index.php\/kontakt\/","title":{"rendered":"Kontakt"},"content":{"rendered":"<p class=\"style4\" align=\"CENTER\"><strong>PUBLICZNA SZKO\u0141A PODSTAWOWA\u00a0<\/strong><br \/>\n<strong>IM. 11 LISTOPADA 1918 R. W GO\u0141OSZACH<\/strong><\/p>\n<p style=\"text-align: center;\">GO\u0141OSZE 28<\/p>\n<p style=\"text-align: center;\">05-620 B\u0141\u0118D\u00d3W<\/p>\n<p style=\"text-align: center;\">Tel..\/fax. (0-48) 668 14 26<\/p>\n<p style=\"text-align: center;\">e-mail:\u00a0<a href=\"mailto:golosze10@wp.pl\">golosze10@wp.pl<\/a><\/p>\n<p>&nbsp;<\/p>\n<p class=\"style4\" style=\"text-align: center;\"><strong>ORGAN PROWADZ\u0104CY<\/strong><\/p>\n<p style=\"text-align: center;\">GMINA B\u0141\u0118D\u00d3W<\/p>\n<p style=\"text-align: center;\">UL. SADURKOWSKA 13<\/p>\n<p style=\"text-align: center;\">Tel. (0-48) 668 00 10<\/p>\n<p>&nbsp;<\/p>\n<p class=\"style4\" style=\"text-align: center;\"><strong>ORGAN SPRAWUJ\u0104CY NADZ\u00d3R PEDAGOGICZNY<\/strong><\/p>\n<p style=\"text-align: center;\"><strong>MAZOWIECKIE KURATORIUM O\u015aWIATY W WARSZAWIE<\/strong><\/p>\n<p style=\"text-align: center;\"><strong>DELEGATURA W RADOMIU<\/strong><\/p>\n<p style=\"text-align: center;\">UL. \u017bEROMSKIEGO 53<\/p>\n<p style=\"text-align: center;\">26-600 RADOM<\/p>\n<p style=\"text-align: center;\">Tel. (0-48) 362 82 84<\/p>\n<p>&nbsp;<\/p>\n","protected":false},"excerpt":{"rendered":"<p>PUBLICZNA SZKO\u0141A PODSTAWOWA\u00a0 IM. 11 LISTOPADA 1918 R. W GO\u0141OSZACH GO\u0141OSZE 28 05-620 B\u0141\u0118D\u00d3W Tel..\/fax. (0-48) 668 14 26 e-mail:\u00a0golosze10@wp.pl &nbsp; ORGAN PROWADZ\u0104CY GMINA B\u0141\u0118D\u00d3W UL. SADURKOWSKA 13 Tel. (0-48) 668 00 10 &nbsp; ORGAN SPRAWUJ\u0104CY NADZ\u00d3R PEDAGOGICZNY MAZOWIECKIE KURATORIUM O\u015aWIATY W WARSZAWIE DELEGATURA W RADOMIU UL. \u017bEROMSKIEGO 53 26-600 RADOM Tel. (0-48) 362 82 [&hellip;]<\/p>\n","protected":false},"author":1,"featured_media":0,"parent":0,"menu_order":0,"comment_status":"closed","ping_status":"closed","template":"","meta":[],"_links":{"self":[{"href":"https:\/\/golosze.szkola.pl\/index.php\/wp-json\/wp\/v2\/pages\/77"}],"collection":[{"href":"https:\/\/golosze.szkola.pl\/index.php\/wp-json\/wp\/v2\/pages"}],"about":[{"href":"https:\/\/golosze.szkola.pl\/index.php\/wp-json\/wp\/v2\/types\/page"}],"author":[{"embeddable":true,"href":"https:\/\/golosze.szkola.pl\/index.php\/wp-json\/wp\/v2\/users\/1"}],"replies":[{"embeddable":true,"href":"https:\/\/golosze.szkola.pl\/index.php\/wp-json\/wp\/v2\/comments?post=77"}],"version-history":[{"count":8,"href":"https:\/\/golosze.szkola.pl\/index.php\/wp-json\/wp\/v2\/pages\/77\/revisions"}],"predecessor-version":[{"id":261,"href":"https:\/\/golosze.szkola.pl\/index.php\/wp-json\/wp\/v2\/pages\/77\/revisions\/261"}],"wp:attachment":[{"href":"https:\/\/golosze.szkola.pl\/index.php\/wp-json\/wp\/v2\/media?parent=77"}],"curies":[{"name":"wp","href":"https:\/\/api.w.org\/{rel}","templated":true}]}}