{"id":53,"date":"2017-08-17T00:18:15","date_gmt":"2017-08-16T22:18:15","guid":{"rendered":"https:\/\/golosze.szkola.pl\/?page_id=53"},"modified":"2018-08-16T12:34:54","modified_gmt":"2018-08-16T10:34:54","slug":"szkola","status":"publish","type":"page","link":"https:\/\/golosze.szkola.pl\/index.php\/szkola\/","title":{"rendered":"Szko\u0142a"},"content":{"rendered":"<p>Ma\u0142a szko\u0142a &#8211; du\u017ca rodzina!<\/p>\n<p><strong>Chcemy, aby powierzone nam dzieci uzna\u0142y za wa\u017cne<\/strong>:<\/p>\n<ul>\n<li>warto\u015bci chrze\u015bcija\u0144skie<\/li>\n<li>patriotyzm<\/li>\n<li>samodzielno\u015b\u0107 i kreatywno\u015b\u0107<\/li>\n<li>odpowiedzialno\u015b\u0107<\/li>\n<li>post\u0119powanie zgodne z przyj\u0119tymi normami etycznymi<\/li>\n<li>kultur\u0119 og\u00f3ln\u0105<\/li>\n<li>krytyczne my\u015blenie<\/li>\n<\/ul>\n<p>W chwili obecnej do szko\u0142y ucz\u0119szcza 65 uczni\u00f3w. W szkole mie\u015bci si\u0119 r\u00f3wnie\u017c oddzia\u0142 przedszkolny.<br \/>\nMamy 8 sal lekcyjnych, pracowni\u0119 komputerow\u0105 z dost\u0119pem do Internetu, sal\u0119 logopedyczn\u0105, plac zabaw dla dzieci, wykwalifikowan\u0105 kadr\u0119 pedagogiczn\u0105, \u015bwietnych, zaanga\u017cowanych w \u017cycie szko\u0142y Rodzic\u00f3w oraz Przyjaci\u00f3\u0142 Szko\u0142y, wspieraj\u0105cych finansowo nasze przedsi\u0119wzi\u0119cia.<\/p>\n<p>Szko\u0142a przywi\u0105zuje bardzo du\u017c\u0105 wag\u0119 do kultywowania tradycji i obrz\u0119dowo\u015bci oraz tego, aby uczniowie i rodzice czuli si\u0119 u nas dobrze i mieli przekonanie, \u017ce jest to miejsce bezpieczne i przyjazne ich dzieciom i im samym.<\/p>\n","protected":false},"excerpt":{"rendered":"<p>Ma\u0142a szko\u0142a &#8211; du\u017ca rodzina! Chcemy, aby powierzone nam dzieci uzna\u0142y za wa\u017cne: warto\u015bci chrze\u015bcija\u0144skie patriotyzm samodzielno\u015b\u0107 i kreatywno\u015b\u0107 odpowiedzialno\u015b\u0107 post\u0119powanie zgodne z przyj\u0119tymi normami etycznymi kultur\u0119 og\u00f3ln\u0105 krytyczne my\u015blenie W chwili obecnej do szko\u0142y ucz\u0119szcza 65 uczni\u00f3w. W szkole mie\u015bci si\u0119 r\u00f3wnie\u017c oddzia\u0142 przedszkolny. Mamy 8 sal lekcyjnych, pracowni\u0119 komputerow\u0105 z dost\u0119pem do Internetu, [&hellip;]<\/p>\n","protected":false},"author":1,"featured_media":0,"parent":0,"menu_order":0,"comment_status":"closed","ping_status":"closed","template":"","meta":[],"_links":{"self":[{"href":"https:\/\/golosze.szkola.pl\/index.php\/wp-json\/wp\/v2\/pages\/53"}],"collection":[{"href":"https:\/\/golosze.szkola.pl\/index.php\/wp-json\/wp\/v2\/pages"}],"about":[{"href":"https:\/\/golosze.szkola.pl\/index.php\/wp-json\/wp\/v2\/types\/page"}],"author":[{"embeddable":true,"href":"https:\/\/golosze.szkola.pl\/index.php\/wp-json\/wp\/v2\/users\/1"}],"replies":[{"embeddable":true,"href":"https:\/\/golosze.szkola.pl\/index.php\/wp-json\/wp\/v2\/comments?post=53"}],"version-history":[{"count":1,"href":"https:\/\/golosze.szkola.pl\/index.php\/wp-json\/wp\/v2\/pages\/53\/revisions"}],"predecessor-version":[{"id":55,"href":"https:\/\/golosze.szkola.pl\/index.php\/wp-json\/wp\/v2\/pages\/53\/revisions\/55"}],"wp:attachment":[{"href":"https:\/\/golosze.szkola.pl\/index.php\/wp-json\/wp\/v2\/media?parent=53"}],"curies":[{"name":"wp","href":"https:\/\/api.w.org\/{rel}","templated":true}]}}