{"id":50,"date":"2017-08-17T00:17:17","date_gmt":"2017-08-16T22:17:17","guid":{"rendered":"https:\/\/golosze.szkola.pl\/?page_id=50"},"modified":"2024-11-26T16:39:34","modified_gmt":"2024-11-26T15:39:34","slug":"samorzad-uczniowski","status":"publish","type":"page","link":"https:\/\/golosze.szkola.pl\/index.php\/samorzad-uczniowski\/","title":{"rendered":"Samorz\u0105d uczniowski"},"content":{"rendered":"<p><strong>Zarz\u0105d Samorz\u0105du Uczniowskiego\u00a0<\/strong><\/p>\n<ul>\n<li><strong>Przewodnicz\u0105cy SU<\/strong> -Patrycja G\u00f3recka<\/li>\n<li><span class=\"text_exposed_show\"><strong>Z \u2013 ca przewodnicz\u0105cej SU<\/strong> \u2013 Marcel Biedrzycki<\/span><\/li>\n<li><span class=\"text_exposed_show\"><strong>Sekretarz<\/strong> \u2013 Natalia Maroszek<\/span><\/li>\n<\/ul>\n<ul>\n<li><strong>Opiekunowie Samorz\u0105du Uczniowskiego :<br \/>\n<\/strong>Katarzyna Jankowska<br \/>\nRobert Sobczyk<\/li>\n<\/ul>\n<div><\/div>\n","protected":false},"excerpt":{"rendered":"<p>Zarz\u0105d Samorz\u0105du Uczniowskiego\u00a0 Przewodnicz\u0105cy SU -Patrycja G\u00f3recka Z \u2013 ca przewodnicz\u0105cej SU \u2013 Marcel Biedrzycki Sekretarz \u2013 Natalia Maroszek Opiekunowie Samorz\u0105du Uczniowskiego : Katarzyna Jankowska Robert Sobczyk<\/p>\n","protected":false},"author":1,"featured_media":0,"parent":0,"menu_order":0,"comment_status":"closed","ping_status":"closed","template":"","meta":[],"_links":{"self":[{"href":"https:\/\/golosze.szkola.pl\/index.php\/wp-json\/wp\/v2\/pages\/50"}],"collection":[{"href":"https:\/\/golosze.szkola.pl\/index.php\/wp-json\/wp\/v2\/pages"}],"about":[{"href":"https:\/\/golosze.szkola.pl\/index.php\/wp-json\/wp\/v2\/types\/page"}],"author":[{"embeddable":true,"href":"https:\/\/golosze.szkola.pl\/index.php\/wp-json\/wp\/v2\/users\/1"}],"replies":[{"embeddable":true,"href":"https:\/\/golosze.szkola.pl\/index.php\/wp-json\/wp\/v2\/comments?post=50"}],"version-history":[{"count":17,"href":"https:\/\/golosze.szkola.pl\/index.php\/wp-json\/wp\/v2\/pages\/50\/revisions"}],"predecessor-version":[{"id":5431,"href":"https:\/\/golosze.szkola.pl\/index.php\/wp-json\/wp\/v2\/pages\/50\/revisions\/5431"}],"wp:attachment":[{"href":"https:\/\/golosze.szkola.pl\/index.php\/wp-json\/wp\/v2\/media?parent=50"}],"curies":[{"name":"wp","href":"https:\/\/api.w.org\/{rel}","templated":true}]}}