{"id":38,"date":"2017-08-17T00:14:57","date_gmt":"2017-08-16T22:14:57","guid":{"rendered":"https:\/\/golosze.szkola.pl\/?page_id=38"},"modified":"2025-09-14T17:56:20","modified_gmt":"2025-09-14T15:56:20","slug":"pracownicy","status":"publish","type":"page","link":"https:\/\/golosze.szkola.pl\/index.php\/pracownicy\/","title":{"rendered":"Pracownicy"},"content":{"rendered":"<p><strong>GRONO PEDAGOGICZNE<\/strong><\/p>\n<p>1.\u00a0<strong>Ma\u0142gorzata Krasuska &#8211; <a href=\"mailto:adres e-mail\">m.krasuska@golosze.szkola.pl<\/a><\/strong><\/p>\n<ul>\n<li>mgr pedagogiki &#8211; nauczanie pocz\u0105tkowe<\/li>\n<li>studia podyplomowe- przyroda, gimnastyka korekcyjna<\/li>\n<li>kurs kwalifikacyjny &#8211; oligofrenopedagogika<\/li>\n<li>kurs kwalifikacyjny &#8211; zarz\u0105dzanie o\u015bwiat\u0105<\/li>\n<li>studia podyplomowe &#8211; geografia<\/li>\n<\/ul>\n<p>2.\u00a0<strong>Genowefa Czarnecka <a href=\"mailto:adres e-mail\">g.czarnecka@golosze.szkola.pl<\/a><\/strong><\/p>\n<ul>\n<li>mgr j\u0119zyka polskiego<\/li>\n<li>studia podyplomowe w zakresie zarz\u0105dzania o\u015bwiat\u0105<\/li>\n<li>studia podyplomowe &#8211; historia<\/li>\n<\/ul>\n<p>3.\u00a0<strong>Katarzyna Jankowska <a href=\"mailto:adres e-mail\">k.jankowska@golosze.szkola.pl<\/a><\/strong><\/p>\n<ul>\n<li>mgr pedagogiki &#8211; edukacja wczesnoszkolna<\/li>\n<li>kurs kwalifikacyjny z zakresu sztuki<\/li>\n<li>studia podyplomowe &#8211; Plastyka &#8211; dydaktyka nauczania przedmiotu<\/li>\n<li>studia podyplomowe- edukacja dla bezpiecze\u0144stwa<\/li>\n<li>muzyka<\/li>\n<\/ul>\n<p>4.\u00a0<strong>Ma\u0142gorzata Maniak <a href=\"mailto:adres e-mail\">m.maniak@golosze.szkola.pl<\/a> <\/strong><\/p>\n<ul>\n<li>mgr in\u017c. matematyki i informatyki<\/li>\n<li>fizyka i chemia<\/li>\n<\/ul>\n<p>5.\u00a0<strong>Emilian Matysiak <a href=\"mailto:adres e-mail\">e.matysiak@golosze.szkola.pl<\/a><\/strong><\/p>\n<ul>\n<li>mgr historii<\/li>\n<li>studia podyplomowe &#8211; informatyka<\/li>\n<li>studia podyplomowe &#8211; wiedza o spo\u0142ecze\u0144stwie<\/li>\n<li>studia podyplomowe- wychowanie do \u017cycia w rodzinie<\/li>\n<\/ul>\n<p>6.\u00a0\u00a0<strong>Katarzyna\u00a0Pietrucha <a href=\"mailto:adres e-mail\">k.pietrucha@golosze.szkola.pl<\/a><\/strong><\/p>\n<ul>\n<li>mgr filologii angielskiej<\/li>\n<li>studia podyplomowe &#8211; pedagogika terapeutyczna z rewalidacj\u0105<\/li>\n<\/ul>\n<p>7.\u00a0\u00a0<strong>Robert Sobczyk <a href=\"mailto:adres e-mail\">r.sobczyk@golosze.szkola.pl<\/a><\/strong><\/p>\n<ul>\n<li>mgr wychowania fizycznego- wychowania zdrowotnego i korektywy<\/li>\n<\/ul>\n<p>8.\u00a0<strong>Agnieszka Sikorska <a href=\"mailto:adres e-mail\">a.sikorska@golosze.szkola.pl<\/a><\/strong><\/p>\n<ul>\n<li>dyrektor szko\u0142y od 01.09.2021 r.<\/li>\n<li><span class=\"s2style3style4\">mgr filologii polskiej<\/span><\/li>\n<li><span class=\"s2style3style4\">studia podyplomowe- logopedia og\u00f3lna<\/span><\/li>\n<li><span class=\"s2style3style4\">studia podyplomowe- neurologopedia<\/span><\/li>\n<\/ul>\n<p>9.\u00a0 <strong>\u0141ukasz \u017belazko <a href=\"mailto:adres e-mail\">l.zelazko@golosze.szkola.pl<\/a><\/strong><\/p>\n<ul>\n<li>j. rosyjski<\/li>\n<li>historia<\/li>\n<\/ul>\n<p>10.\u00a0<strong>Bogus\u0142awa Wo\u017aniak <a href=\"mailto:adres e-mail\">b.wozniak@golosze.szkola.pl<\/a><\/strong><\/p>\n<ul>\n<li>mgr teologii<\/li>\n<li>studia podyplomowe: pedagogika opieku\u0144czo-wychowawcza, plastyka i historia sztuki<\/li>\n<\/ul>\n<p>11.\u00a0<strong>Halina Wojtecka <a href=\"mailto:adres e-mail\">h.wojtecka@golosze.szkola.pl<\/a><\/strong><\/p>\n<ul>\n<li>mgr pedagogiki wczesnoszkolnej<\/li>\n<li>kurs kwalifikacyjny \u00a0z zakresu bibliotekoznawstwa<\/li>\n<\/ul>\n<p>12. <strong>Irena Wojtczak <a href=\"mailto:adres e-mail\">i.wojtczak@golosze.szkola.pl<\/a>\u00a0<\/strong><\/p>\n<ul>\n<li>mgr biologii<\/li>\n<li>studia podyplomowe &#8211; nauczanie blokowe z przyrod\u0105<\/li>\n<\/ul>\n<p>13.\u00a0<strong>Agnieszka Przepi\u00f3ra\u00a0<a href=\"mailto:adres e-mail\">a.przepiora@golosze.szkola.pl<\/a><\/strong><\/p>\n<ul>\n<li>pedagogika wczesnoszkolna<\/li>\n<li>mgr pedagogiki opieku\u0144czo &#8211; socjalnej<\/li>\n<li>studia podyplomowe &#8211; Oligofrenopedagogika<\/li>\n<\/ul>\n<p>14. <strong>Monika Olszewska<\/strong><\/p>\n<ul>\n<li>mgr filologii angielskiej<\/li>\n<li>pedagog specjalny<\/li>\n<\/ul>\n<p>15. <strong>Monika Gromek<\/strong><\/p>\n<ul>\n<li>mgr filologii polskiej<\/li>\n<\/ul>\n<p>16. <strong>Aleksandra Regulska<\/strong><\/p>\n<ul>\n<li>nauczyciel wspomagaj\u0105cy<\/li>\n<\/ul>\n<p>17.<strong>\u00a0Albina Krzemi\u0144ska\u00a0<a href=\"mailto:adres e-mail\">a.krzeminska@golosze.szkola.pl<\/a><\/strong><\/p>\n<ul>\n<li>mgr chemii<\/li>\n<\/ul>\n<p>18. <strong>Krystyna Ka\u017amierczak<\/strong><\/p>\n<ul>\n<li>nauczyciel techniki i informatyki<\/li>\n<\/ul>\n<p>19.<strong> Agata G\u00f3recka<\/strong><\/p>\n<ul>\n<li>nauczyciel wspomagaj\u0105cy<\/li>\n<\/ul>\n<p>20. <b>\u00a0Joanna Maciak<\/b><\/p>\n<ul>\n<li>nauczyciel wspomagaj\u0105cy<\/li>\n<\/ul>\n<p>21. <strong>Ewelina Czarnecka<\/strong><\/p>\n<ul>\n<li>mgr pedagogiki wczesnoszkolnej i przedszkolnej<\/li>\n<\/ul>\n<p>22. <strong>Konrad K\u0119ska<\/strong><\/p>\n<ul>\n<li>psycholog<\/li>\n<\/ul>\n<p>23. <strong>Ma\u0142gorzata T\u0119pi\u0144ska<\/strong><\/p>\n<ul>\n<li>mgr pedagogiki wczesnoszkolnej i przedszkolnej<\/li>\n<li>pedagog specjalny<\/li>\n<\/ul>\n<p><strong>PRACOWNICY OBS\u0141UGI<\/strong><\/p>\n<p>1.\u00a0<strong>Anna Bugalska<\/strong><\/p>\n<p>2.<strong> Magdalena Gnatowska<\/strong><\/p>\n","protected":false},"excerpt":{"rendered":"<p>GRONO PEDAGOGICZNE 1.\u00a0Ma\u0142gorzata Krasuska &#8211; m.krasuska@golosze.szkola.pl mgr pedagogiki &#8211; nauczanie pocz\u0105tkowe studia podyplomowe- przyroda, gimnastyka korekcyjna kurs kwalifikacyjny &#8211; oligofrenopedagogika kurs kwalifikacyjny &#8211; zarz\u0105dzanie o\u015bwiat\u0105 studia podyplomowe &#8211; geografia 2.\u00a0Genowefa Czarnecka g.czarnecka@golosze.szkola.pl mgr j\u0119zyka polskiego studia podyplomowe w zakresie zarz\u0105dzania o\u015bwiat\u0105 studia podyplomowe &#8211; historia 3.\u00a0Katarzyna Jankowska k.jankowska@golosze.szkola.pl mgr pedagogiki &#8211; edukacja wczesnoszkolna kurs kwalifikacyjny [&hellip;]<\/p>\n","protected":false},"author":1,"featured_media":0,"parent":0,"menu_order":0,"comment_status":"closed","ping_status":"closed","template":"","meta":[],"_links":{"self":[{"href":"https:\/\/golosze.szkola.pl\/index.php\/wp-json\/wp\/v2\/pages\/38"}],"collection":[{"href":"https:\/\/golosze.szkola.pl\/index.php\/wp-json\/wp\/v2\/pages"}],"about":[{"href":"https:\/\/golosze.szkola.pl\/index.php\/wp-json\/wp\/v2\/types\/page"}],"author":[{"embeddable":true,"href":"https:\/\/golosze.szkola.pl\/index.php\/wp-json\/wp\/v2\/users\/1"}],"replies":[{"embeddable":true,"href":"https:\/\/golosze.szkola.pl\/index.php\/wp-json\/wp\/v2\/comments?post=38"}],"version-history":[{"count":34,"href":"https:\/\/golosze.szkola.pl\/index.php\/wp-json\/wp\/v2\/pages\/38\/revisions"}],"predecessor-version":[{"id":5744,"href":"https:\/\/golosze.szkola.pl\/index.php\/wp-json\/wp\/v2\/pages\/38\/revisions\/5744"}],"wp:attachment":[{"href":"https:\/\/golosze.szkola.pl\/index.php\/wp-json\/wp\/v2\/media?parent=38"}],"curies":[{"name":"wp","href":"https:\/\/api.w.org\/{rel}","templated":true}]}}