{"id":2629,"date":"2021-02-22T12:29:08","date_gmt":"2021-02-22T11:29:08","guid":{"rendered":"https:\/\/golosze.szkola.pl\/?page_id=2629"},"modified":"2021-04-11T23:03:20","modified_gmt":"2021-04-11T21:03:20","slug":"deklaracja-dostepnosci-2","status":"publish","type":"page","link":"https:\/\/golosze.szkola.pl\/index.php\/deklaracja-dostepnosci-2\/","title":{"rendered":"Deklaracja dost\u0119pno\u015bci"},"content":{"rendered":"\n<p><strong><span class=\"has-inline-color has-vivid-cyan-blue-color\">O\u015bwiadczenie w sprawie dost\u0119pno\u015bci<\/span><\/strong><\/p>\n\n\n\n<p><span id=\u201ea11y-podmiot\u201d>Publiczna Szko\u0142a Podstawowa im. 11 Listopada 1918r. w Go\u0142oszach <\/span> zobowi\u0105zuje si\u0119 zapewni\u0107&nbsp;<strong>dost\u0119pno\u015b\u0107 swojej strony internetowej<\/strong>&nbsp;zgodnie z Ustaw\u0105 z dnia 4 kwietnia 2019 r. o dost\u0119pno\u015bci cyfrowej stron internetowych i aplikacji mobilnych podmiot\u00f3w publicznych i Dyrektywy Parlamentu Europejskiego i Rady (UE) 2016\/2102 z dnia 26 pa\u017adziernika 2016 r. w sprawie dost\u0119pno\u015bci stron internetowych i mobilnych aplikacji organ\u00f3w sektora publicznego (Dz.U. L 327 z 2.12.2016, s. 1).&nbsp;<\/p>\n\n\n\n<p><strong><span class=\"has-inline-color has-vivid-cyan-blue-color\">Status pod wzgl\u0119dem zgodno\u015bci<\/span><\/strong><\/p>\n\n\n\n<p id=\"a11y-status\">Strona internetowa jest zgodna z ustaw\u0105 o dost\u0119pno\u015bci cyfrowej stron internetowych i aplikacji mobilnych podmiot\u00f3w publicznych z powodu niezgodno\u015bci lub wy\u0142\u0105cze\u0144 wymienionych ni\u017cej w dalszej cz\u0119\u015bci deklaracji.<\/p>\n\n\n\n<p>Strona internetowa zosta\u0142a zaprojektowana w oparciu o kryteria sukcesu wymienione w ustawie z dnia 4 kwietnia 2019 roku.<\/p>\n\n\n\n<p>Szko\u0142a do\u0142o\u017cy\u0142a wszelkich stara\u0144 aby zapewni\u0107 zgodno\u015b\u0107 technologiczn\u0105 strony z obowi\u0105zuj\u0105cymi normami oraz dobrymi praktykami.<\/p>\n\n\n\n<p><strong><span class=\"has-inline-color has-vivid-cyan-blue-color\">Udogodnienia<\/span><\/strong><\/p>\n\n\n\n<ul><li>Dedykowany kontrast dla dost\u0119pno\u015bci,<\/li><li>Strona internetowa skaluj\u0119 si\u0119 szeroko\u015bci okna monitora, wy\u015bwietlacza urz\u0105dzenia mobilnego,<\/li><li>Alternatywna wersja kolorystyczna ze specjalnym kontrastem dla os\u00f3b s\u0142abowidz\u0105cych,<\/li><li>Mo\u017cliwo\u015b\u0107 zmiany wielko\u015bci czcionki,<\/li><li>Mo\u017cliwo\u015b\u0107 zmiany na czytelniejsz\u0105 czcionk\u0119,<\/li><li>Mo\u017cliwo\u015b\u0107 zmiany skali szaro\u015bci,<\/li><li>Mo\u017cliwo\u015b\u0107 podkre\u015blanie link\u00f3w.<\/li><\/ul>\n\n\n\n<p><strong><span class=\"has-inline-color has-vivid-cyan-blue-color\">Przygotowanie o\u015bwiadczenia w sprawie dost\u0119pno\u015bci<\/span><\/strong><\/p>\n\n\n\n<ul><li>Niniejsze o\u015bwiadczenie sporz\u0105dzono dnia <\/li><li><strong>Deklaracj\u0119 zosta\u0142a ostatnio poddana przegl\u0105dowi i aktualizacji dnia:&nbsp;<\/strong><\/li><li>Deklaracj\u0119 sporz\u0105dzono na podstawie samooceny.&nbsp;<\/li><\/ul>\n\n\n\n<p><strong><span class=\"has-inline-color has-vivid-cyan-blue-color\">Informacje zwrotne i dane kontaktowe<\/span><\/strong><\/p>\n\n\n\n<p>W przypadku problem\u00f3w z dost\u0119pno\u015bci\u0105 strony internetowej prosimy o kontakt.<br>Osob\u0105 kontaktow\u0105 jest Ma\u0142gorzata Maniak, e-mail: m.maniak@golosze.szkola.pl<br>Kontaktowa\u0107 mo\u017cna si\u0119 tak\u017ce dzwoni\u0105c na nr telefonu&nbsp;+48 48 668 14 26. <\/p>\n\n\n\n<p>T\u0105 sam\u0105 drog\u0105 mo\u017cna sk\u0142ada\u0107 wnioski o udost\u0119pnienie informacji niedost\u0119pnej oraz sk\u0142ada\u0107 skargi na brak zapewnienia dost\u0119pno\u015bci.<\/p>\n\n\n\n<p id=\"a11y-procedura\">Ka\u017cdy ma prawo:<\/p>\n\n\n\n<ul><li>Zg\u0142osi\u0107 uwagi dotycz\u0105ce dost\u0119pno\u015bci cyfrowej strony lub jej elementu,<\/li><li>Zg\u0142osi\u0107 \u017c\u0105danie zapewnienia dost\u0119pno\u015bci cyfrowej strony lub jej elementu,<\/li><li>Wnioskowa\u0107 o udost\u0119pnienie niedost\u0119pnej informacji w innej alternatywnej formie.<\/li><\/ul>\n\n\n\n<p>\u017b\u0105danie musi zawiera\u0107:<\/p>\n\n\n\n<ul><li>Dane kontaktowe osoby zg\u0142aszaj\u0105cej,<\/li><li>Wskazanie strony lub elementu strony, kt\u00f3rej dotyczy \u017c\u0105danie,<\/li><li>wskazanie dogodnej formy udost\u0119pnienia informacji, je\u015bli \u017c\u0105danie dotyczy udost\u0119pnienia w formie alternatywnej informacji niedost\u0119pnej.<\/li><\/ul>\n\n\n\n<p>Rozpatrzenie zg\u0142oszenia przez Podmiot Publiczny powinno nast\u0105pi\u0107 niezw\u0142ocznie, najp\u00f3\u017aniej w ci\u0105gu 7 dni. Je\u015bli w tym terminie zapewnienie dost\u0119pno\u015bci albo zapewnienie dost\u0119pu w alternatywnej formie nie jest mo\u017cliwe, powinno nast\u0105pi\u0107 najdalej w ci\u0105gu 2 miesi\u0119cy od daty zg\u0142oszenia.<\/p>\n\n\n\n<p><strong><span class=\"has-inline-color has-vivid-cyan-blue-color\">Informacje o dost\u0119pno\u015bci architektonicznej<\/span><\/strong><\/p>\n\n\n\n<p><strong>Opis dost\u0119pno\u015bci wej\u015bcia do budynku i przechodzenia przez obszary kontroli:<\/strong><\/p>\n\n\n\n<p>Do szko\u0142y mo\u017cna wej\u015b\u0107 tylko wej\u015bciem g\u0142\u00f3wnym, brak podjazdu dla os\u00f3b niepe\u0142nosprawnych.<\/p>\n\n\n\n<p><strong>Opis dost\u0119pno\u015bci korytarzy i schod\u00f3w<\/strong>:<\/p>\n\n\n\n<p>Szko\u0142a sk\u0142ada si\u0119 z budynku, w kt\u00f3rym jest ma\u0142a sala gimnastycznych. Budynek sk\u0142adaj\u0105cym si\u0119 z trzech kondygnacji. W piwnicy s\u0105 zlokalizowane  pomieszczenia gospodarcze. Na parterze znajduje si\u0119 korytarz, kuchnia, sala przedszkolna, dwie sale lekcyjne, sala gimnastyczna, \u0142azienka i szatnie dla przedszkolak\u00f3w i klas I-III oraz V-VIII. Na pi\u0119trze znajduje si\u0119 pok\u00f3j Dyrektora, pok\u00f3j nauczycielski, 6 sal lekcyjnych, \u0142azienka i korytarz. Szko\u0142a nie jest dostosowana dla os\u00f3b niepe\u0142nosprawnych.<\/p>\n\n\n\n<p><strong>Informacje o miejscu i sposobie korzystania z miejsc parkingowych wyznaczonych dla os\u00f3b niepe\u0142nosprawnych:<\/strong><br><\/p>\n\n\n\n<p>W okolicy szko\u0142y brak oznakowanego miejsca parkingowego dla os\u00f3b niepe\u0142nosprawnych.<\/p>\n","protected":false},"excerpt":{"rendered":"<p>O\u015bwiadczenie w sprawie dost\u0119pno\u015bci Publiczna Szko\u0142a Podstawowa im. 11 Listopada 1918r. w Go\u0142oszach zobowi\u0105zuje si\u0119 zapewni\u0107&nbsp;dost\u0119pno\u015b\u0107 swojej strony internetowej&nbsp;zgodnie z Ustaw\u0105 z dnia 4 kwietnia 2019 r. o dost\u0119pno\u015bci cyfrowej stron internetowych i aplikacji mobilnych podmiot\u00f3w publicznych i Dyrektywy Parlamentu Europejskiego i Rady (UE) 2016\/2102 z dnia 26 pa\u017adziernika 2016 r. w sprawie dost\u0119pno\u015bci stron [&hellip;]<\/p>\n","protected":false},"author":1,"featured_media":0,"parent":0,"menu_order":0,"comment_status":"closed","ping_status":"closed","template":"","meta":[],"_links":{"self":[{"href":"https:\/\/golosze.szkola.pl\/index.php\/wp-json\/wp\/v2\/pages\/2629"}],"collection":[{"href":"https:\/\/golosze.szkola.pl\/index.php\/wp-json\/wp\/v2\/pages"}],"about":[{"href":"https:\/\/golosze.szkola.pl\/index.php\/wp-json\/wp\/v2\/types\/page"}],"author":[{"embeddable":true,"href":"https:\/\/golosze.szkola.pl\/index.php\/wp-json\/wp\/v2\/users\/1"}],"replies":[{"embeddable":true,"href":"https:\/\/golosze.szkola.pl\/index.php\/wp-json\/wp\/v2\/comments?post=2629"}],"version-history":[{"count":3,"href":"https:\/\/golosze.szkola.pl\/index.php\/wp-json\/wp\/v2\/pages\/2629\/revisions"}],"predecessor-version":[{"id":2700,"href":"https:\/\/golosze.szkola.pl\/index.php\/wp-json\/wp\/v2\/pages\/2629\/revisions\/2700"}],"wp:attachment":[{"href":"https:\/\/golosze.szkola.pl\/index.php\/wp-json\/wp\/v2\/media?parent=2629"}],"curies":[{"name":"wp","href":"https:\/\/api.w.org\/{rel}","templated":true}]}}