{"id":26,"date":"2017-08-17T00:12:13","date_gmt":"2017-08-16T22:12:13","guid":{"rendered":"https:\/\/golosze.szkola.pl\/?page_id=26"},"modified":"2024-11-19T15:51:20","modified_gmt":"2024-11-19T14:51:20","slug":"kalendarz-wydarzen","status":"publish","type":"page","link":"https:\/\/golosze.szkola.pl\/index.php\/kalendarz-wydarzen\/","title":{"rendered":"Kalendarz wydarze\u0144"},"content":{"rendered":"<p><strong>KALENDARZ UROCZYSTO\u015aCI SZKOLNYCH\u00a0<\/strong><strong>NA ROK SZKOLNY 2024\/2025<\/strong><\/p>\n<p><strong>\u00a0<\/strong><\/p>\n<table width=\"789\">\n<tbody>\n<tr>\n<td width=\"69\"><strong>Lp.<\/strong><\/td>\n<td width=\"105\"><strong>Miesi\u0105c<\/strong><\/td>\n<td width=\"390\"><strong>Nazwa uroczysto\u015bci<\/strong><\/td>\n<td width=\"225\"><strong>Odpowiedzialny<\/strong><\/td>\n<\/tr>\n<tr>\n<td width=\"69\"><strong>1.<\/strong><\/td>\n<td width=\"105\"><strong>IX<\/strong><\/td>\n<td width=\"390\"><strong>Rozpocz\u0119cie roku szkolnego <\/strong><\/td>\n<td width=\"225\"><strong>A.Sikorska,<\/strong><br \/>\n<strong>G .Czarnecka,<\/strong><br \/>\n<strong>B.Wo\u017aniak<\/strong><\/td>\n<\/tr>\n<tr>\n<td width=\"69\"><strong>2.<\/strong><\/td>\n<td width=\"105\"><strong>IX<\/strong><\/td>\n<td width=\"390\"><strong>Mi\u0119dzynarodowy Dzie\u0144 J\u0119zyk\u00f3w Obcych<\/strong><\/td>\n<td width=\"225\"><strong>K.Pietrucha<br \/>\n\u0141.\u017belazko<\/strong><\/td>\n<\/tr>\n<tr>\n<td width=\"69\"><strong>3.<\/strong><\/td>\n<td width=\"105\"><strong>X<\/strong><\/td>\n<td width=\"390\"><b>\u015alubowanie klasy pierwszej<\/b><\/td>\n<td width=\"225\"><strong>K.Jankowska<\/strong><\/td>\n<\/tr>\n<tr>\n<td width=\"69\"><strong>4.<\/strong><\/td>\n<td width=\"105\"><strong>X<\/strong><\/td>\n<td width=\"390\"><strong>Dzie\u0144 Edukacji Narodowej<\/strong><\/td>\n<td width=\"225\"><strong>Opiekunowie SU<\/strong><\/td>\n<\/tr>\n<tr>\n<td width=\"69\"><strong>5.<\/strong><\/td>\n<td width=\"105\"><strong>XI<\/strong><\/td>\n<td width=\"390\"><strong>Rocznica Niepodleg\u0142o\u015bci Polski \u2013 Dzie\u0144 Patrona Szko\u0142y<\/strong><\/td>\n<td width=\"225\"><strong>A. Sikorska,<\/strong><br \/>\n<strong>K.Jankowska<\/strong><\/td>\n<\/tr>\n<tr>\n<td width=\"69\"><strong>6.<\/strong><\/td>\n<td width=\"105\"><strong>XI<\/strong><\/td>\n<td width=\"390\"><strong>Andrzejki<\/strong><\/td>\n<td width=\"225\"><strong>K.Pietrucha,<br \/>\nA. G\u00f3recka,<br \/>\nJ.Maciak<\/strong><\/td>\n<\/tr>\n<tr>\n<td width=\"69\"><strong>7.<\/strong><\/td>\n<td width=\"105\"><strong>XII<\/strong><\/td>\n<td width=\"390\"><strong>Jase\u0142ka<\/strong><\/td>\n<td width=\"225\"><strong>B. Wo\u017aniak,<\/strong><br \/>\n<strong>K.Jankowska<\/strong><\/td>\n<\/tr>\n<tr>\n<td width=\"69\"><strong>8.<\/strong><\/td>\n<td width=\"105\"><strong>I<\/strong><\/td>\n<td width=\"390\"><strong>Dzie\u0144 Babci i Dziadka<\/strong><\/td>\n<td width=\"225\">\n<div><b>M.Krasuska<br \/>\nA.Regulska<br \/>\nM.T\u0119pi\u0144ska<\/b><\/div>\n<\/td>\n<\/tr>\n<tr>\n<td width=\"69\"><strong>9.<\/strong><\/td>\n<td width=\"105\"><strong>I<\/strong><\/td>\n<td width=\"390\"><strong>Choinka noworoczna<\/strong><\/td>\n<td width=\"225\"><b>K.Pietrucha<br \/>\nB.Wo\u017aniak<br \/>\nK.Ka\u017amierczak<\/b><\/td>\n<\/tr>\n<tr>\n<td width=\"69\"><strong>10.<\/strong><\/td>\n<td width=\"105\"><strong>II<\/strong><\/td>\n<td width=\"390\"><strong>Dzie\u0144 Bezpiecznego Internetu<\/strong><\/td>\n<td width=\"225\"><strong>\u0141.\u017belazko<\/strong><\/td>\n<\/tr>\n<tr>\n<td width=\"69\"><strong>11.<\/strong><\/td>\n<td width=\"105\"><strong>II<\/strong><\/td>\n<td width=\"390\"><strong>Walentynki <\/strong><\/td>\n<td width=\"225\"><strong>Opiekunowie SU<\/strong><\/td>\n<\/tr>\n<tr>\n<td width=\"69\"><strong>12.<\/strong><\/td>\n<td width=\"105\"><strong>III<\/strong><\/td>\n<td width=\"390\"><strong>Powitanie wiosny<\/strong><\/td>\n<td width=\"225\"><strong>Wychowawcy<\/strong><\/td>\n<\/tr>\n<tr>\n<td width=\"69\"><strong>13.<\/strong><\/td>\n<td width=\"105\"><strong>IV<\/strong><\/td>\n<td width=\"390\"><strong>\u015awiatowy Dzie\u0144 Zespo\u0142u Downa<\/strong><\/td>\n<td width=\"225\"><strong>Nauczyciele wsp\u00f3\u0142organizuj\u0105cy kszta\u0142cenie specjalne<\/strong><\/td>\n<\/tr>\n<tr>\n<td width=\"69\"><strong>14.<\/strong><\/td>\n<td width=\"105\"><strong>IV<\/strong><\/td>\n<td width=\"390\"><strong>\u015awiatowy Dzie\u0144 \u015awiadomo\u015bci Autyzmu<\/strong><\/td>\n<td width=\"225\"><strong>Nauczyciele wsp\u00f3\u0142organizuj\u0105cy kszta\u0142cenie specjalne<\/strong><\/td>\n<\/tr>\n<tr>\n<td width=\"69\"><strong>15.<\/strong><\/td>\n<td width=\"105\"><strong>IV<\/strong><\/td>\n<td width=\"390\"><strong>Dzie\u0144 Ziemi<\/strong><\/td>\n<td width=\"225\"><strong>I.Wojtczak<\/strong><\/td>\n<\/tr>\n<tr>\n<td width=\"69\"><strong>16.<\/strong><\/td>\n<td width=\"105\"><strong>V<\/strong><\/td>\n<td width=\"390\"><strong>Konstytucja 3 Maja<\/strong><\/td>\n<td width=\"225\"><strong>E.Matysiak<\/strong><\/td>\n<\/tr>\n<tr>\n<td width=\"69\"><strong>17.<\/strong><\/td>\n<td width=\"105\"><strong>VI<\/strong><\/td>\n<td width=\"390\"><b>\u015awi\u0119to Rodziny<\/b><\/td>\n<td width=\"225\"><b>K.Jankowska<br \/>\nWychowawcy<\/b><\/td>\n<\/tr>\n<tr>\n<td width=\"69\"><strong>18.<\/strong><\/td>\n<td width=\"105\"><strong>VI<\/strong><\/td>\n<td width=\"390\"><b>Dzie\u0144 Dziecka<br \/>\nDzie\u0144 Sportu<\/b><\/td>\n<td width=\"225\"><b>R.Sobczyk<br \/>\nWychowawcy<\/b><\/td>\n<\/tr>\n<tr>\n<td width=\"69\"><strong>19.<\/strong><\/td>\n<td width=\"105\"><strong>VI<\/strong><\/td>\n<td width=\"390\"><strong>Zako\u0144czenie roku szkolnego.\u00a0<\/strong><\/td>\n<td width=\"225\"><b>A.Sikorska<\/b><\/td>\n<\/tr>\n<\/tbody>\n<\/table>\n","protected":false},"excerpt":{"rendered":"<p>KALENDARZ UROCZYSTO\u015aCI SZKOLNYCH\u00a0NA ROK SZKOLNY 2024\/2025 \u00a0 Lp. Miesi\u0105c Nazwa uroczysto\u015bci Odpowiedzialny 1. IX Rozpocz\u0119cie roku szkolnego A.Sikorska, G .Czarnecka, B.Wo\u017aniak 2. IX Mi\u0119dzynarodowy Dzie\u0144 J\u0119zyk\u00f3w Obcych K.Pietrucha \u0141.\u017belazko 3. X \u015alubowanie klasy pierwszej K.Jankowska 4. X Dzie\u0144 Edukacji Narodowej Opiekunowie SU 5. XI Rocznica Niepodleg\u0142o\u015bci Polski \u2013 Dzie\u0144 Patrona Szko\u0142y A. Sikorska, K.Jankowska 6. [&hellip;]<\/p>\n","protected":false},"author":1,"featured_media":0,"parent":0,"menu_order":0,"comment_status":"closed","ping_status":"closed","template":"","meta":[],"_links":{"self":[{"href":"https:\/\/golosze.szkola.pl\/index.php\/wp-json\/wp\/v2\/pages\/26"}],"collection":[{"href":"https:\/\/golosze.szkola.pl\/index.php\/wp-json\/wp\/v2\/pages"}],"about":[{"href":"https:\/\/golosze.szkola.pl\/index.php\/wp-json\/wp\/v2\/types\/page"}],"author":[{"embeddable":true,"href":"https:\/\/golosze.szkola.pl\/index.php\/wp-json\/wp\/v2\/users\/1"}],"replies":[{"embeddable":true,"href":"https:\/\/golosze.szkola.pl\/index.php\/wp-json\/wp\/v2\/comments?post=26"}],"version-history":[{"count":24,"href":"https:\/\/golosze.szkola.pl\/index.php\/wp-json\/wp\/v2\/pages\/26\/revisions"}],"predecessor-version":[{"id":5401,"href":"https:\/\/golosze.szkola.pl\/index.php\/wp-json\/wp\/v2\/pages\/26\/revisions\/5401"}],"wp:attachment":[{"href":"https:\/\/golosze.szkola.pl\/index.php\/wp-json\/wp\/v2\/media?parent=26"}],"curies":[{"name":"wp","href":"https:\/\/api.w.org\/{rel}","templated":true}]}}