{"id":2596,"date":"2021-02-10T10:41:12","date_gmt":"2021-02-10T09:41:12","guid":{"rendered":"https:\/\/golosze.szkola.pl\/?page_id=2596"},"modified":"2025-03-17T19:47:24","modified_gmt":"2025-03-17T18:47:24","slug":"przyjecie-do-przedszkola","status":"publish","type":"page","link":"https:\/\/golosze.szkola.pl\/index.php\/przyjecie-do-przedszkola\/","title":{"rendered":"Przyj\u0119cie do przedszkola"},"content":{"rendered":"\n<p><\/p>\n\n\n\n<p>Zapraszamy Dzieci do naszego Oddzia\u0142u Przedszkolnego w Publicznej Szkole Podstawowej im. 11 Listopada 1918r. w Go\u0142oszach.<br><\/p>\n\n\n\n<p>Wniosek rekrutacyjny znajduje si\u0119 na stronie internetowej szko\u0142y, w zak\u0142adce rekrutacja oraz w sekretariacie szko\u0142y.<\/p>\n\n\n\n<div class=\"wp-block-file\"><a href=\"https:\/\/golosze.szkola.pl\/wp-content\/uploads\/2025\/03\/Oswiadczenie-o-samotnym-wychowywaniu-dziecka.docx\">Oswiadczenie-o-samotnym-wychowywaniu-dziecka<\/a><a href=\"https:\/\/golosze.szkola.pl\/wp-content\/uploads\/2025\/03\/Oswiadczenie-o-samotnym-wychowywaniu-dziecka.docx\" class=\"wp-block-file__button\" download>Pobierz<\/a><\/div>\n\n\n\n<div class=\"wp-block-file\"><a href=\"https:\/\/golosze.szkola.pl\/wp-content\/uploads\/2025\/03\/deklaracja-o-kontynuowaniu-wychowania-przedszkolnego.docx\">deklaracja-o-kontynuowaniu-wychowania-przedszkolnego<\/a><a href=\"https:\/\/golosze.szkola.pl\/wp-content\/uploads\/2025\/03\/deklaracja-o-kontynuowaniu-wychowania-przedszkolnego.docx\" class=\"wp-block-file__button\" download>Pobierz<\/a><\/div>\n\n\n\n<div class=\"wp-block-file\"><a href=\"https:\/\/golosze.szkola.pl\/wp-content\/uploads\/2025\/03\/Oswiadczenie-o-rodzinie-wielodzietnej.docx\">Oswiadczenie-o-rodzinie-wielodzietnej<\/a><a href=\"https:\/\/golosze.szkola.pl\/wp-content\/uploads\/2025\/03\/Oswiadczenie-o-rodzinie-wielodzietnej.docx\" class=\"wp-block-file__button\" download>Pobierz<\/a><\/div>\n\n\n\n<div class=\"wp-block-file\"><a href=\"https:\/\/golosze.szkola.pl\/wp-content\/uploads\/2025\/03\/WNIOSEK-O-PRZYJECIE-DZIECKA-DO-ODDZIALU-PRZEDSZKOLNEGO-2025.docx\">WNIOSEK-O-PRZYJECIE-DZIECKA-DO-ODDZIALU-PRZEDSZKOLNEGO-2025<\/a><a href=\"https:\/\/golosze.szkola.pl\/wp-content\/uploads\/2025\/03\/WNIOSEK-O-PRZYJECIE-DZIECKA-DO-ODDZIALU-PRZEDSZKOLNEGO-2025.docx\" class=\"wp-block-file__button\" download>Pobierz<\/a><\/div>\n\n\n\n<p><\/p>\n","protected":false},"excerpt":{"rendered":"<p>Zapraszamy Dzieci do naszego Oddzia\u0142u Przedszkolnego w Publicznej Szkole Podstawowej im. 11 Listopada 1918r. w Go\u0142oszach. Wniosek rekrutacyjny znajduje si\u0119 na stronie internetowej szko\u0142y, w zak\u0142adce rekrutacja oraz w sekretariacie szko\u0142y.<\/p>\n","protected":false},"author":1,"featured_media":5549,"parent":0,"menu_order":0,"comment_status":"closed","ping_status":"closed","template":"","meta":[],"_links":{"self":[{"href":"https:\/\/golosze.szkola.pl\/index.php\/wp-json\/wp\/v2\/pages\/2596"}],"collection":[{"href":"https:\/\/golosze.szkola.pl\/index.php\/wp-json\/wp\/v2\/pages"}],"about":[{"href":"https:\/\/golosze.szkola.pl\/index.php\/wp-json\/wp\/v2\/types\/page"}],"author":[{"embeddable":true,"href":"https:\/\/golosze.szkola.pl\/index.php\/wp-json\/wp\/v2\/users\/1"}],"replies":[{"embeddable":true,"href":"https:\/\/golosze.szkola.pl\/index.php\/wp-json\/wp\/v2\/comments?post=2596"}],"version-history":[{"count":19,"href":"https:\/\/golosze.szkola.pl\/index.php\/wp-json\/wp\/v2\/pages\/2596\/revisions"}],"predecessor-version":[{"id":5588,"href":"https:\/\/golosze.szkola.pl\/index.php\/wp-json\/wp\/v2\/pages\/2596\/revisions\/5588"}],"wp:featuredmedia":[{"embeddable":true,"href":"https:\/\/golosze.szkola.pl\/index.php\/wp-json\/wp\/v2\/media\/5549"}],"wp:attachment":[{"href":"https:\/\/golosze.szkola.pl\/index.php\/wp-json\/wp\/v2\/media?parent=2596"}],"curies":[{"name":"wp","href":"https:\/\/api.w.org\/{rel}","templated":true}]}}